{"id":2367,"date":"2019-08-29T19:45:24","date_gmt":"2019-08-29T19:45:24","guid":{"rendered":"https:\/\/la-paillote.be\/fr\/?page_id=2367"},"modified":"2019-09-10T21:31:56","modified_gmt":"2019-09-10T21:31:56","slug":"contact-fr","status":"publish","type":"page","link":"https:\/\/la-paillote.be\/fr\/contact-fr\/","title":{"rendered":"Contact"},"content":{"rendered":"[vc_row type=&#8221;full_width_content&#8221; full_screen_row_position=&#8221;middle&#8221; scene_position=&#8221;center&#8221; text_color=&#8221;dark&#8221; text_align=&#8221;left&#8221; overlay_strength=&#8221;0.3&#8243; shape_divider_position=&#8221;bottom&#8221; bg_image_animation=&#8221;none&#8221; shape_type=&#8221;&#8221;][vc_column column_padding=&#8221;no-extra-padding&#8221; column_padding_position=&#8221;all&#8221; background_color_opacity=&#8221;1&#8243; background_hover_color_opacity=&#8221;1&#8243; column_link_target=&#8221;_self&#8221; column_shadow=&#8221;none&#8221; column_border_radius=&#8221;none&#8221; width=&#8221;1\/1&#8243; tablet_width_inherit=&#8221;default&#8221; tablet_text_alignment=&#8221;default&#8221; phone_text_alignment=&#8221;default&#8221; column_border_width=&#8221;none&#8221; column_border_style=&#8221;solid&#8221; bg_image_animation=&#8221;none&#8221;][nectar_gmap map_type=&#8221;leaflet&#8221; zoom=&#8221;16&#8243; marker_style=&#8221;nectar&#8221; color=&#8221;accent-color&#8221; infowindow_start_open=&#8221;1&#8243; size=&#8221;350&#8243; map_center_lat=&#8221;50.66122&#8243; map_center_lng=&#8221;5.15625&#8243; map_markers=&#8221;50.662528|5.156652| La Paillote Rue de Tourinne 4a<br \/>\nGeer&#8221;][divider line_type=&#8221;No Line&#8221; custom_height=&#8221;20&#8243;][\/vc_column][\/vc_row][vc_row type=&#8221;in_container&#8221; full_screen_row_position=&#8221;middle&#8221; full_height=&#8221;yes&#8221; scene_position=&#8221;center&#8221; text_color=&#8221;dark&#8221; text_align=&#8221;left&#8221; overlay_strength=&#8221;0.3&#8243; shape_divider_position=&#8221;bottom&#8221; bg_image_animation=&#8221;none&#8221; shape_type=&#8221;&#8221;][vc_column column_padding=&#8221;no-extra-padding&#8221; column_padding_position=&#8221;left&#8221; background_color_opacity=&#8221;1&#8243; background_hover_color_opacity=&#8221;1&#8243; column_link_target=&#8221;_self&#8221; column_shadow=&#8221;none&#8221; column_border_radius=&#8221;none&#8221; width=&#8221;2\/3&#8243; tablet_width_inherit=&#8221;default&#8221; tablet_text_alignment=&#8221;default&#8221; phone_text_alignment=&#8221;default&#8221; column_border_width=&#8221;none&#8221; column_border_style=&#8221;solid&#8221; bg_image_animation=&#8221;none&#8221;][vc_custom_heading text=&#8221;Nous contacter&#8221; font_container=&#8221;tag:h2|font_size:38|text_align:left&#8221; use_theme_fonts=&#8221;yes&#8221; css=&#8221;.vc_custom_1568031109453{margin-bottom: 5% !important;}&#8221;][vc_column_text css=&#8221;.vc_custom_1568031041477{margin-right: 20px !important;}&#8221;][quform id=&#8221;9&#8243; name=&#8221;Contact pagina&#8221; show_title=&#8221;0&#8243; show_description=&#8221;0&#8243;][\/vc_column_text][\/vc_column][vc_column column_padding=&#8221;no-extra-padding&#8221; column_padding_position=&#8221;all&#8221; background_color_opacity=&#8221;1&#8243; background_hover_color_opacity=&#8221;1&#8243; column_link_target=&#8221;_self&#8221; column_shadow=&#8221;none&#8221; column_border_radius=&#8221;none&#8221; width=&#8221;1\/3&#8243; tablet_width_inherit=&#8221;default&#8221; tablet_text_alignment=&#8221;default&#8221; phone_text_alignment=&#8221;default&#8221; column_border_width=&#8221;none&#8221; column_border_style=&#8221;solid&#8221; bg_image_animation=&#8221;none&#8221;][vc_custom_heading text=&#8221;Informations de contact:&#8221; font_container=&#8221;tag:h2|font_size:38|text_align:left&#8221; use_theme_fonts=&#8221;yes&#8221; css=&#8221;.vc_custom_1568031169889{margin-bottom: 10% !important;}&#8221;][vc_column_text]Disponible tous les jours par t\u00e9l\u00e9phone \u00e0 partir de 10h.<\/p>\n<div dir=\"ltr\" data-setdir=\"false\">\n<div>\n<p class=\"ydpd2199c97MsoNormal\">0493\/71.34.94<\/p>\n<p class=\"ydpd2199c97MsoNormal\">BTW BE 0695.948.274<\/p>\n<\/div>\n<\/div>\n<p>Adresse:<a href=\"https:\/\/www.google.com\/maps\/place\/Rue+de+Tourinne+4,+4250+Geer\/@50.6614046,5.1538188,17z\/data=!3m1!4b1!4m13!1m7!3m6!1s0x47c10f387ff2d04f:0x95f53e5156e35bad!2sRue+de+Tourinne+4,+4250+Geer!3b1!8m2!3d50.6614046!4d5.1560075!3m4!1s0x47c10f387ff2d04f:0x95f53e5156e35bad!8m2!3d50.6614046!4d5.1560075\" target=\"_blank\" rel=\"noopener noreferrer\">\u00a0<\/a><a href=\"https:\/\/www.google.com\/maps\/place\/Rue+de+Tourinne+4,+4250+Geer\/@50.6614046,5.1538188,17z\/data=!3m1!4b1!4m13!1m7!3m6!1s0x47c10f387ff2d04f:0x95f53e5156e35bad!2sRue+de+Tourinne+4,+4250+Geer!3b1!8m2!3d50.6614046!4d5.1560075!3m4!1s0x47c10f387ff2d04f:0x95f53e5156e35bad!8m2!3d50.6614046!4d5.1560075\" target=\"_blank\" rel=\"noopener noreferrer\">Rue de Tourinne 4a, 4250 Geer<\/a>[\/vc_column_text][\/vc_column][\/vc_row]\n","protected":false},"excerpt":{"rendered":"<p>[vc_row type=&#8221;full_width_content&#8221; full_screen_row_position=&#8221;middle&#8221; scene_position=&#8221;center&#8221; text_color=&#8221;dark&#8221; text_align=&#8221;left&#8221; overlay_strength=&#8221;0.3&#8243; shape_divider_position=&#8221;bottom&#8221; bg_image_animation=&#8221;none&#8221; shape_type=&#8221;&#8221;][vc_column column_padding=&#8221;no-extra-padding&#8221; column_padding_position=&#8221;all&#8221; background_color_opacity=&#8221;1&#8243; background_hover_color_opacity=&#8221;1&#8243; column_link_target=&#8221;_self&#8221; column_shadow=&#8221;none&#8221; column_border_radius=&#8221;none&#8221; width=&#8221;1\/1&#8243; tablet_width_inherit=&#8221;default&#8221; tablet_text_alignment=&#8221;default&#8221; phone_text_alignment=&#8221;default&#8221; column_border_width=&#8221;none&#8221; column_border_style=&#8221;solid&#8221; bg_image_animation=&#8221;none&#8221;][nectar_gmap map_type=&#8221;leaflet&#8221; zoom=&#8221;16&#8243; marker_style=&#8221;nectar&#8221; color=&#8221;accent-color&#8221; infowindow_start_open=&#8221;1&#8243; size=&#8221;350&#8243;&#8230;<\/p>\n","protected":false},"author":1,"featured_media":0,"parent":0,"menu_order":0,"comment_status":"open","ping_status":"closed","template":"","meta":{"footnotes":""},"class_list":["post-2367","page","type-page","status-publish"],"_links":{"self":[{"href":"https:\/\/la-paillote.be\/fr\/wp-json\/wp\/v2\/pages\/2367","targetHints":{"allow":["GET"]}}],"collection":[{"href":"https:\/\/la-paillote.be\/fr\/wp-json\/wp\/v2\/pages"}],"about":[{"href":"https:\/\/la-paillote.be\/fr\/wp-json\/wp\/v2\/types\/page"}],"author":[{"embeddable":true,"href":"https:\/\/la-paillote.be\/fr\/wp-json\/wp\/v2\/users\/1"}],"replies":[{"embeddable":true,"href":"https:\/\/la-paillote.be\/fr\/wp-json\/wp\/v2\/comments?post=2367"}],"version-history":[{"count":8,"href":"https:\/\/la-paillote.be\/fr\/wp-json\/wp\/v2\/pages\/2367\/revisions"}],"predecessor-version":[{"id":2815,"href":"https:\/\/la-paillote.be\/fr\/wp-json\/wp\/v2\/pages\/2367\/revisions\/2815"}],"wp:attachment":[{"href":"https:\/\/la-paillote.be\/fr\/wp-json\/wp\/v2\/media?parent=2367"}],"curies":[{"name":"wp","href":"https:\/\/api.w.org\/{rel}","templated":true}]}}